{"id":56,"date":"2020-09-13T19:10:11","date_gmt":"2020-09-13T17:10:11","guid":{"rendered":"https:\/\/morfjord.com\/?page_id=56"},"modified":"2025-10-22T23:08:31","modified_gmt":"2025-10-22T21:08:31","slug":"contact","status":"publish","type":"page","link":"https:\/\/morfjord.com\/nb\/contact\/","title":{"rendered":"Kontakt"},"content":{"rendered":"<h2>\n\t\t\t\tKontakt\n\t\t\t<\/h2>\n\t\t\t<p>Bli tilkoblet\u00a0<br \/>Hold kontakten<br \/>Live tilkoblet\u00a0<\/p>\t\n\t\t\t<h4>Vi elsker meldinger<\/h4><h2>Send oss en melding<\/h2>\n\t\t\t<h3>Hvorfor vil du kontakte oss?<\/h3>\n\t\t\t\t<p>Du kan forklare forskjellige grunner til at en bes\u00f8kende kan kontakte deg.<\/p>\n<p>Bruk denne plassen for \u00e5 fortelle dem at du er her for \u00e5 svare p\u00e5 alle sp\u00f8rsm\u00e5lene deres. Hvis det er noe annet sted \u00e5 kontakte deg, kan du nevne det ogs\u00e5.<\/p>","protected":false},"excerpt":{"rendered":"<p>Contact Get connected\u00a0Stay connectedLive connected\u00a0 We love messages Send us a Message Why would you want to contact us? You can explain various reasons why a visitor could contact you. Use this space to let them know that you are here to answer all their queries. If there is any other place to contact you,&hellip;<\/p>","protected":false},"author":1,"featured_media":0,"parent":0,"menu_order":0,"comment_status":"closed","ping_status":"closed","template":"","meta":{"footnotes":""},"class_list":["post-56","page","type-page","status-publish","hentry"],"yoast_head":"<!-- This site is optimized with the Yoast SEO plugin v27.0 - https:\/\/yoast.com\/product\/yoast-seo-wordpress\/ -->\n<title>Contact - Martin Morfjord<\/title>\n<meta name=\"robots\" content=\"index, follow, max-snippet:-1, max-image-preview:large, max-video-preview:-1\" \/>\n<link rel=\"canonical\" href=\"https:\/\/morfjord.com\/nb\/contact\/\" \/>\n<meta property=\"og:locale\" content=\"nb_NO\" \/>\n<meta property=\"og:type\" content=\"article\" \/>\n<meta property=\"og:title\" content=\"Contact - Martin Morfjord\" \/>\n<meta property=\"og:description\" content=\"Contact Get connected\u00a0Stay connectedLive connected\u00a0 We love messages Send us a Message Why would you want to contact us? You can explain various reasons why a visitor could contact you. Use this space to let them know that you are here to answer all their queries. If there is any other place to contact you,&hellip;\" \/>\n<meta property=\"og:url\" content=\"https:\/\/morfjord.com\/nb\/contact\/\" \/>\n<meta property=\"og:site_name\" content=\"Martin Morfjord\" \/>\n<meta property=\"article:publisher\" content=\"https:\/\/www.facebook.com\/mmorfjord\" \/>\n<meta property=\"article:modified_time\" content=\"2025-10-22T21:08:31+00:00\" \/>\n<meta name=\"twitter:card\" content=\"summary_large_image\" \/>\n<script type=\"application\/ld+json\" class=\"yoast-schema-graph\">{\"@context\":\"https:\/\/schema.org\",\"@graph\":[{\"@type\":\"WebPage\",\"@id\":\"https:\/\/morfjord.com\/contact\/\",\"url\":\"https:\/\/morfjord.com\/contact\/\",\"name\":\"Contact - Martin Morfjord\",\"isPartOf\":{\"@id\":\"https:\/\/morfjord.com\/#website\"},\"datePublished\":\"2020-09-13T17:10:11+00:00\",\"dateModified\":\"2025-10-22T21:08:31+00:00\",\"breadcrumb\":{\"@id\":\"https:\/\/morfjord.com\/contact\/#breadcrumb\"},\"inLanguage\":\"nb-NO\",\"potentialAction\":[{\"@type\":\"ReadAction\",\"target\":[\"https:\/\/morfjord.com\/contact\/\"]}]},{\"@type\":\"BreadcrumbList\",\"@id\":\"https:\/\/morfjord.com\/contact\/#breadcrumb\",\"itemListElement\":[{\"@type\":\"ListItem\",\"position\":1,\"name\":\"Home\",\"item\":\"https:\/\/morfjord.com\/\"},{\"@type\":\"ListItem\",\"position\":2,\"name\":\"Contact\"}]},{\"@type\":\"WebSite\",\"@id\":\"https:\/\/morfjord.com\/#website\",\"url\":\"https:\/\/morfjord.com\/\",\"name\":\"Martin Morfjord\",\"description\":\"Digital advisor &amp; entrepreneur\",\"publisher\":{\"@id\":\"https:\/\/morfjord.com\/#organization\"},\"potentialAction\":[{\"@type\":\"SearchAction\",\"target\":{\"@type\":\"EntryPoint\",\"urlTemplate\":\"https:\/\/morfjord.com\/?s={search_term_string}\"},\"query-input\":{\"@type\":\"PropertyValueSpecification\",\"valueRequired\":true,\"valueName\":\"search_term_string\"}}],\"inLanguage\":\"nb-NO\"},{\"@type\":\"Organization\",\"@id\":\"https:\/\/morfjord.com\/#organization\",\"name\":\"morfjord.com\",\"url\":\"https:\/\/morfjord.com\/\",\"logo\":{\"@type\":\"ImageObject\",\"inLanguage\":\"nb-NO\",\"@id\":\"https:\/\/morfjord.com\/#\/schema\/logo\/image\/\",\"url\":\"https:\/\/morfjord.com\/wp-content\/uploads\/2020\/09\/morfjord-logo.png\",\"contentUrl\":\"https:\/\/morfjord.com\/wp-content\/uploads\/2020\/09\/morfjord-logo.png\",\"width\":1459,\"height\":500,\"caption\":\"morfjord.com\"},\"image\":{\"@id\":\"https:\/\/morfjord.com\/#\/schema\/logo\/image\/\"},\"sameAs\":[\"https:\/\/www.facebook.com\/mmorfjord\",\"https:\/\/www.instagram.com\/morfjord\",\"https:\/\/www.linkedin.com\/in\/morfjord\"]}]}<\/script>\n<!-- \/ Yoast SEO plugin. -->","yoast_head_json":{"title":"Kontakt - Martin Morfjord","robots":{"index":"index","follow":"follow","max-snippet":"max-snippet:-1","max-image-preview":"max-image-preview:large","max-video-preview":"max-video-preview:-1"},"canonical":"https:\/\/morfjord.com\/nb\/contact\/","og_locale":"nb_NO","og_type":"article","og_title":"Contact - Martin Morfjord","og_description":"Contact Get connected\u00a0Stay connectedLive connected\u00a0 We love messages Send us a Message Why would you want to contact us? You can explain various reasons why a visitor could contact you. Use this space to let them know that you are here to answer all their queries. If there is any other place to contact you,&hellip;","og_url":"https:\/\/morfjord.com\/nb\/contact\/","og_site_name":"Martin Morfjord","article_publisher":"https:\/\/www.facebook.com\/mmorfjord","article_modified_time":"2025-10-22T21:08:31+00:00","twitter_card":"summary_large_image","schema":{"@context":"https:\/\/schema.org","@graph":[{"@type":"WebPage","@id":"https:\/\/morfjord.com\/contact\/","url":"https:\/\/morfjord.com\/contact\/","name":"Kontakt - Martin Morfjord","isPartOf":{"@id":"https:\/\/morfjord.com\/#website"},"datePublished":"2020-09-13T17:10:11+00:00","dateModified":"2025-10-22T21:08:31+00:00","breadcrumb":{"@id":"https:\/\/morfjord.com\/contact\/#breadcrumb"},"inLanguage":"nb-NO","potentialAction":[{"@type":"ReadAction","target":["https:\/\/morfjord.com\/contact\/"]}]},{"@type":"BreadcrumbList","@id":"https:\/\/morfjord.com\/contact\/#breadcrumb","itemListElement":[{"@type":"ListItem","position":1,"name":"Home","item":"https:\/\/morfjord.com\/"},{"@type":"ListItem","position":2,"name":"Contact"}]},{"@type":"WebSite","@id":"https:\/\/morfjord.com\/#website","url":"https:\/\/morfjord.com\/","name":"Martin Morfjord","description":"Digital r\u00e5dgiver og gr\u00fcnder","publisher":{"@id":"https:\/\/morfjord.com\/#organization"},"potentialAction":[{"@type":"SearchAction","target":{"@type":"EntryPoint","urlTemplate":"https:\/\/morfjord.com\/?s={search_term_string}"},"query-input":{"@type":"PropertyValueSpecification","valueRequired":true,"valueName":"search_term_string"}}],"inLanguage":"nb-NO"},{"@type":"Organization","@id":"https:\/\/morfjord.com\/#organization","name":"morfjord.com","url":"https:\/\/morfjord.com\/","logo":{"@type":"ImageObject","inLanguage":"nb-NO","@id":"https:\/\/morfjord.com\/#\/schema\/logo\/image\/","url":"https:\/\/morfjord.com\/wp-content\/uploads\/2020\/09\/morfjord-logo.png","contentUrl":"https:\/\/morfjord.com\/wp-content\/uploads\/2020\/09\/morfjord-logo.png","width":1459,"height":500,"caption":"morfjord.com"},"image":{"@id":"https:\/\/morfjord.com\/#\/schema\/logo\/image\/"},"sameAs":["https:\/\/www.facebook.com\/mmorfjord","https:\/\/www.instagram.com\/morfjord","https:\/\/www.linkedin.com\/in\/morfjord"]}]}},"_links":{"self":[{"href":"https:\/\/morfjord.com\/nb\/wp-json\/wp\/v2\/pages\/56","targetHints":{"allow":["GET"]}}],"collection":[{"href":"https:\/\/morfjord.com\/nb\/wp-json\/wp\/v2\/pages"}],"about":[{"href":"https:\/\/morfjord.com\/nb\/wp-json\/wp\/v2\/types\/page"}],"author":[{"embeddable":true,"href":"https:\/\/morfjord.com\/nb\/wp-json\/wp\/v2\/users\/1"}],"replies":[{"embeddable":true,"href":"https:\/\/morfjord.com\/nb\/wp-json\/wp\/v2\/comments?post=56"}],"version-history":[{"count":5,"href":"https:\/\/morfjord.com\/nb\/wp-json\/wp\/v2\/pages\/56\/revisions"}],"predecessor-version":[{"id":14890,"href":"https:\/\/morfjord.com\/nb\/wp-json\/wp\/v2\/pages\/56\/revisions\/14890"}],"wp:attachment":[{"href":"https:\/\/morfjord.com\/nb\/wp-json\/wp\/v2\/media?parent=56"}],"curies":[{"name":"wp","href":"https:\/\/api.w.org\/{rel}","templated":true}]}}