{"id":52,"date":"2020-09-13T19:09:30","date_gmt":"2020-09-13T17:09:30","guid":{"rendered":"https:\/\/morfjord.com\/?page_id=52"},"modified":"2020-09-13T21:30:18","modified_gmt":"2020-09-13T19:30:18","slug":"resources","status":"publish","type":"page","link":"https:\/\/morfjord.com\/nb\/resources\/","title":{"rendered":"Ressurser"},"content":{"rendered":"<h1>\n\t<\/h1>\n\t<h3><a href=\"https:\/\/xpand.courses\/xpand-e-port\/\" target=\"_blank\" rel=\"noopener noreferrer\">xpandeport.com<\/a><\/h3>\t\t\n\t\t\t<p>xpand har utviklet sin egen E-port for online skanning. Den eneste m\u00e5ten \u00e5 f\u00e5 tilgang til E-porten er hvis du f\u00e5r en lisensieringskode fra en av lisensutdannerne i de forskjellige produktene.<\/p>\n\t\t\t<a href=\"https:\/\/xpand.courses\/xpand-e-port\/\" target=\"_blank\" role=\"button\" rel=\"noopener noreferrer\">\n\t\t\t\t\t\t\tLes mer\n\t\t\t\t\t<\/a>\n\t<h3><a href=\"https:\/\/xpand.courses\/xpand-licensing\/\" target=\"_blank\" rel=\"noopener noreferrer\">xpandlicensing.com<\/a><\/h3>\t\t\n\t\t\tVil du ha en xpand-lisensiering?<br \/>\nDette er bare tilgjengelig gjennom trente trenere. Kursene vil v\u00e6re tilgjengelige fra 1. september.\u00a0\n\t\t\t<a href=\"https:\/\/xpand.courses\/xpand-licensing\/\" target=\"_blank\" role=\"button\" rel=\"noopener noreferrer\">\n\t\t\t\t\t\t\tLes mer\n\t\t\t\t\t<\/a>\n\t<h3><a href=\"https:\/\/xpand.courses\/xpand-licensing\/\" target=\"_blank\" rel=\"noopener noreferrer\">Kommende arrangement<\/a><\/h3>\t\t\n\t\t\t<b>Xpand motstandsdyktig trenerlisens online<br \/>\n<\/b>Dag 1: Tirsdag 1. september fra 09.00. til 17.00.<br \/>\nDag 2: Tirsdag 8. september fra 09.00. til 17.00.\n\t\t\t<a href=\"https:\/\/xpand.courses\/xpand-licensing\/\" target=\"_blank\" role=\"button\" rel=\"noopener noreferrer\">\n\t\t\t\t\t\t\tEr du interessert, klikk her\n\t\t\t\t\t<\/a>","protected":false},"excerpt":{"rendered":"<p>xpandeport.com xpand har utviklet sin egen E-port for online skanning. Den eneste m\u00e5ten \u00e5 f\u00e5 tilgang til E-porten er hvis du f\u00e5r en lisensieringskode fra en av lisensutdannerne i de forskjellige produktene. Les mer xpandlicensing.com Vil du f\u00e5 en xpand-lisensiering? Dette er bare tilgjengelig gjennom trente trenere. De\u2026<\/p>","protected":false},"author":1,"featured_media":0,"parent":0,"menu_order":0,"comment_status":"closed","ping_status":"closed","template":"","meta":{"footnotes":""},"class_list":["post-52","page","type-page","status-publish","hentry"],"yoast_head":"<!-- This site is optimized with the Yoast SEO plugin v27.0 - https:\/\/yoast.com\/product\/yoast-seo-wordpress\/ -->\n<title>Resources - Martin Morfjord<\/title>\n<meta name=\"robots\" content=\"index, follow, max-snippet:-1, max-image-preview:large, max-video-preview:-1\" \/>\n<link rel=\"canonical\" href=\"https:\/\/morfjord.com\/nb\/resources\/\" \/>\n<meta property=\"og:locale\" content=\"nb_NO\" \/>\n<meta property=\"og:type\" content=\"article\" \/>\n<meta property=\"og:title\" content=\"Resources - Martin Morfjord\" \/>\n<meta property=\"og:description\" content=\"xpandeport.com xpand have developed their own E-port for the online scan. The only way to access the E-port is if you get a licensing code from one of the license trainers in the different products. Read More xpandlicensing.com Will you like to get an xpand licensing? This is only available through tour trained trainers. The&hellip;\" \/>\n<meta property=\"og:url\" content=\"https:\/\/morfjord.com\/nb\/resources\/\" \/>\n<meta property=\"og:site_name\" content=\"Martin Morfjord\" \/>\n<meta property=\"article:publisher\" content=\"https:\/\/www.facebook.com\/mmorfjord\" \/>\n<meta property=\"article:modified_time\" content=\"2020-09-13T19:30:18+00:00\" \/>\n<meta name=\"twitter:card\" content=\"summary_large_image\" \/>\n<script type=\"application\/ld+json\" class=\"yoast-schema-graph\">{\"@context\":\"https:\/\/schema.org\",\"@graph\":[{\"@type\":\"WebPage\",\"@id\":\"https:\/\/morfjord.com\/resources\/\",\"url\":\"https:\/\/morfjord.com\/resources\/\",\"name\":\"Resources - Martin Morfjord\",\"isPartOf\":{\"@id\":\"https:\/\/morfjord.com\/#website\"},\"datePublished\":\"2020-09-13T17:09:30+00:00\",\"dateModified\":\"2020-09-13T19:30:18+00:00\",\"breadcrumb\":{\"@id\":\"https:\/\/morfjord.com\/resources\/#breadcrumb\"},\"inLanguage\":\"nb-NO\",\"potentialAction\":[{\"@type\":\"ReadAction\",\"target\":[\"https:\/\/morfjord.com\/resources\/\"]}]},{\"@type\":\"BreadcrumbList\",\"@id\":\"https:\/\/morfjord.com\/resources\/#breadcrumb\",\"itemListElement\":[{\"@type\":\"ListItem\",\"position\":1,\"name\":\"Home\",\"item\":\"https:\/\/morfjord.com\/\"},{\"@type\":\"ListItem\",\"position\":2,\"name\":\"Resources\"}]},{\"@type\":\"WebSite\",\"@id\":\"https:\/\/morfjord.com\/#website\",\"url\":\"https:\/\/morfjord.com\/\",\"name\":\"Martin Morfjord\",\"description\":\"Digital advisor &amp; entrepreneur\",\"publisher\":{\"@id\":\"https:\/\/morfjord.com\/#organization\"},\"potentialAction\":[{\"@type\":\"SearchAction\",\"target\":{\"@type\":\"EntryPoint\",\"urlTemplate\":\"https:\/\/morfjord.com\/?s={search_term_string}\"},\"query-input\":{\"@type\":\"PropertyValueSpecification\",\"valueRequired\":true,\"valueName\":\"search_term_string\"}}],\"inLanguage\":\"nb-NO\"},{\"@type\":\"Organization\",\"@id\":\"https:\/\/morfjord.com\/#organization\",\"name\":\"morfjord.com\",\"url\":\"https:\/\/morfjord.com\/\",\"logo\":{\"@type\":\"ImageObject\",\"inLanguage\":\"nb-NO\",\"@id\":\"https:\/\/morfjord.com\/#\/schema\/logo\/image\/\",\"url\":\"https:\/\/morfjord.com\/wp-content\/uploads\/2020\/09\/morfjord-logo.png\",\"contentUrl\":\"https:\/\/morfjord.com\/wp-content\/uploads\/2020\/09\/morfjord-logo.png\",\"width\":1459,\"height\":500,\"caption\":\"morfjord.com\"},\"image\":{\"@id\":\"https:\/\/morfjord.com\/#\/schema\/logo\/image\/\"},\"sameAs\":[\"https:\/\/www.facebook.com\/mmorfjord\",\"https:\/\/www.instagram.com\/morfjord\",\"https:\/\/www.linkedin.com\/in\/morfjord\"]}]}<\/script>\n<!-- \/ Yoast SEO plugin. -->","yoast_head_json":{"title":"Ressurser - Martin Morfjord","robots":{"index":"index","follow":"follow","max-snippet":"max-snippet:-1","max-image-preview":"max-image-preview:large","max-video-preview":"max-video-preview:-1"},"canonical":"https:\/\/morfjord.com\/nb\/resources\/","og_locale":"nb_NO","og_type":"article","og_title":"Resources - Martin Morfjord","og_description":"xpandeport.com xpand have developed their own E-port for the online scan. The only way to access the E-port is if you get a licensing code from one of the license trainers in the different products. Read More xpandlicensing.com Will you like to get an xpand licensing? This is only available through tour trained trainers. The&hellip;","og_url":"https:\/\/morfjord.com\/nb\/resources\/","og_site_name":"Martin Morfjord","article_publisher":"https:\/\/www.facebook.com\/mmorfjord","article_modified_time":"2020-09-13T19:30:18+00:00","twitter_card":"summary_large_image","schema":{"@context":"https:\/\/schema.org","@graph":[{"@type":"WebPage","@id":"https:\/\/morfjord.com\/resources\/","url":"https:\/\/morfjord.com\/resources\/","name":"Ressurser - Martin Morfjord","isPartOf":{"@id":"https:\/\/morfjord.com\/#website"},"datePublished":"2020-09-13T17:09:30+00:00","dateModified":"2020-09-13T19:30:18+00:00","breadcrumb":{"@id":"https:\/\/morfjord.com\/resources\/#breadcrumb"},"inLanguage":"nb-NO","potentialAction":[{"@type":"ReadAction","target":["https:\/\/morfjord.com\/resources\/"]}]},{"@type":"BreadcrumbList","@id":"https:\/\/morfjord.com\/resources\/#breadcrumb","itemListElement":[{"@type":"ListItem","position":1,"name":"Home","item":"https:\/\/morfjord.com\/"},{"@type":"ListItem","position":2,"name":"Resources"}]},{"@type":"WebSite","@id":"https:\/\/morfjord.com\/#website","url":"https:\/\/morfjord.com\/","name":"Martin Morfjord","description":"Digital r\u00e5dgiver og gr\u00fcnder","publisher":{"@id":"https:\/\/morfjord.com\/#organization"},"potentialAction":[{"@type":"SearchAction","target":{"@type":"EntryPoint","urlTemplate":"https:\/\/morfjord.com\/?s={search_term_string}"},"query-input":{"@type":"PropertyValueSpecification","valueRequired":true,"valueName":"search_term_string"}}],"inLanguage":"nb-NO"},{"@type":"Organization","@id":"https:\/\/morfjord.com\/#organization","name":"morfjord.com","url":"https:\/\/morfjord.com\/","logo":{"@type":"ImageObject","inLanguage":"nb-NO","@id":"https:\/\/morfjord.com\/#\/schema\/logo\/image\/","url":"https:\/\/morfjord.com\/wp-content\/uploads\/2020\/09\/morfjord-logo.png","contentUrl":"https:\/\/morfjord.com\/wp-content\/uploads\/2020\/09\/morfjord-logo.png","width":1459,"height":500,"caption":"morfjord.com"},"image":{"@id":"https:\/\/morfjord.com\/#\/schema\/logo\/image\/"},"sameAs":["https:\/\/www.facebook.com\/mmorfjord","https:\/\/www.instagram.com\/morfjord","https:\/\/www.linkedin.com\/in\/morfjord"]}]}},"_links":{"self":[{"href":"https:\/\/morfjord.com\/nb\/wp-json\/wp\/v2\/pages\/52","targetHints":{"allow":["GET"]}}],"collection":[{"href":"https:\/\/morfjord.com\/nb\/wp-json\/wp\/v2\/pages"}],"about":[{"href":"https:\/\/morfjord.com\/nb\/wp-json\/wp\/v2\/types\/page"}],"author":[{"embeddable":true,"href":"https:\/\/morfjord.com\/nb\/wp-json\/wp\/v2\/users\/1"}],"replies":[{"embeddable":true,"href":"https:\/\/morfjord.com\/nb\/wp-json\/wp\/v2\/comments?post=52"}],"version-history":[{"count":3,"href":"https:\/\/morfjord.com\/nb\/wp-json\/wp\/v2\/pages\/52\/revisions"}],"predecessor-version":[{"id":14746,"href":"https:\/\/morfjord.com\/nb\/wp-json\/wp\/v2\/pages\/52\/revisions\/14746"}],"wp:attachment":[{"href":"https:\/\/morfjord.com\/nb\/wp-json\/wp\/v2\/media?parent=52"}],"curies":[{"name":"wp","href":"https:\/\/api.w.org\/{rel}","templated":true}]}}