{"id":50,"date":"2020-09-13T19:08:58","date_gmt":"2020-09-13T17:08:58","guid":{"rendered":"https:\/\/morfjord.com\/?page_id=50"},"modified":"2020-09-13T20:41:02","modified_gmt":"2020-09-13T18:41:02","slug":"blog","status":"publish","type":"page","link":"https:\/\/morfjord.com\/nb\/blog\/","title":{"rendered":"BLOGG"},"content":{"rendered":"<h1>\n\t<\/h1>\n\t\t\t\t\t\t\t\t\t\t\t\t\t\t<a href=\"https:\/\/morfjord.com\/nb\/kommunikasjons-verktoyer-til-sosiale-medier\/\" target=\"_self\" title=\"Kommunikasjonsverkt\u00f8y til sosiale medier\" rel=\"noopener noreferrer\">\n\t\t\t\t<img decoding=\"async\" src=\"\" alt=\"\" \/>\n\t\t\t\t<\/a>\n\t\t\t\t\t\t<h3>\n\t\t\t\t<a href=\"https:\/\/morfjord.com\/nb\/kommunikasjons-verktoyer-til-sosiale-medier\/\" title=\"Kommunikasjonsverkt\u00f8y til sosiale medier\" tabindex=\"0\">Kommunikasjonsverkt\u00f8y til sosiale medier<\/a>\t\t\t<\/h3>\n\t\t\t\t\t\t\t<h5>\n\t\t\t\t\t\t\tAv\t\t\t <a href=\"https:\/\/morfjord.com\/nb\/author\/morfjord\/\">\n\t\t\t\t\tadmin\t\t\t\t<\/a>\n\t\t\t | 16. februar 2020\t\t\t\n\t\t\t\t\t\t\t<\/h5>\n\t\t\t\t\t\t\t\t\thootsuite.com \u00e0 en av de beste \u201dApp\u201d -l\u00f8sninger for \u00e5 samle alle dine eller menighetens sosiale nettverk i en app. Du kan bruke en Chrome og Firefox-apper. Der finnes ogs\u00e5 iOS- og Android-apper. Det er gratis opp til 5 nettverk. Det er mulig \u00e5 ha en Pro-konto hvor flere i menigheten kan jobbe sammen ut ...\n\t\t\t\t\t<a href=\"https:\/\/morfjord.com\/nb\/kommunikasjons-verktoyer-til-sosiale-medier\/\" target=\"_self\" rel=\"noopener noreferrer\">Les mer \u2192<\/a>\t\t\n\t\t\t\t\t\t\t\t\t\t\t\t\t\t<a href=\"https:\/\/morfjord.com\/nb\/hvordan-kan-du-enkelt-lage-undertekster-pa-videoer\/\" target=\"_self\" title=\"Hvordan kan du enkelt lage undertekster p\u00e5 videoer\" rel=\"noopener noreferrer\">\n\t\t\t\t<img decoding=\"async\" src=\"\" alt=\"\" \/>\n\t\t\t\t<\/a>\n\t\t\t\t\t\t<h3>\n\t\t\t\t<a href=\"https:\/\/morfjord.com\/nb\/hvordan-kan-du-enkelt-lage-undertekster-pa-videoer\/\" title=\"Hvordan kan du enkelt lage undertekster p\u00e5 videoer\" tabindex=\"0\">Hvordan kan du enkelt lage undertekster p\u00e5 videoer<\/a>\t\t\t<\/h3>\n\t\t\t\t\t\t\t<h5>\n\t\t\t\t\t\t\tAv\t\t\t <a href=\"https:\/\/morfjord.com\/nb\/author\/morfjord\/\">\n\t\t\t\t\tadmin\t\t\t\t<\/a>\n\t\t\t | 16. februar 2020\t\t\t\n\t\t\t\t\t\t\t<\/h5>\n\t\t\t\t\t\t\t\t\tUndertekstsystemer \/ subtiles Tilf\u00f8y undertekst til egen filmer: youtube.com\/my_videos?o=U - YouTube har en automatisk subtilesgenerator, der lytter til engelsk taler og gj\u00f8r den til tekst. Du kan vare ned tekstfilen p\u00e5 din egen YouTube-profil og gj\u00f8re den norske og vare dem opp igjen. Da har du norske undertekster. (-: Tilf\u00f8y tekster til film du ikke eier amara.org \u00e0 dette er ...\n\t\t\t\t\t<a href=\"https:\/\/morfjord.com\/nb\/hvordan-kan-du-enkelt-lage-undertekster-pa-videoer\/\" target=\"_self\" rel=\"noopener noreferrer\">Les mer \u2192<\/a>\t\t\n\t\t\t\t\t\t\t\t\t\t\t\t\t\t<a href=\"https:\/\/morfjord.com\/nb\/hvordan-lage-gode-video-content-uten-a-bruke-mye-tid\/\" target=\"_self\" title=\"Hvordan lage gode videoinnhold uten \u00e5 bruke mye tid?\" rel=\"noopener noreferrer\">\n\t\t\t\t<img decoding=\"async\" src=\"\" alt=\"\" \/>\n\t\t\t\t<\/a>\n\t\t\t\t\t\t<h3>\n\t\t\t\t<a href=\"https:\/\/morfjord.com\/nb\/hvordan-lage-gode-video-content-uten-a-bruke-mye-tid\/\" title=\"Hvordan lage gode videoinnhold uten \u00e5 bruke mye tid?\" tabindex=\"0\">Hvordan lage gode videoinnhold uten \u00e5 bruke mye tid?<\/a>\t\t\t<\/h3>\n\t\t\t\t\t\t\t<h5>\n\t\t\t\t\t\t\tAv\t\t\t <a href=\"https:\/\/morfjord.com\/nb\/author\/morfjord\/\">\n\t\t\t\t\tadmin\t\t\t\t<\/a>\n\t\t\t | 16. februar 2020\t\t\t\n\t\t\t\t\t\t\t<\/h5>\n\t\t\t\t\t\t\t\t\tAutomatisert apper til iOS og Android til video Magisto: Webapp | iOS | Android Drop&#039;n&#039;Roll: iOS Vidify: Webapp | iOS\n\t\t\t\t\t<a href=\"https:\/\/morfjord.com\/nb\/hvordan-lage-gode-video-content-uten-a-bruke-mye-tid\/\" target=\"_self\" rel=\"noopener noreferrer\">Les mer \u2192<\/a>","protected":false},"excerpt":{"rendered":"<p>Kommunikasjonsverkt\u00f8y til sosiale medier Av admin | 16. feb 2020 hootsuite.com \u00e0 en av de beste \u201dApp\u201d -l\u00f8sninger for at samle alle dine eller menighetens sosiale nettverks i en app. Du kan bruke en Chrome og Firefox-apper. Der finnes ogs\u00e5 iOS- og Android-apper. Det er gratis opp til 5 nettverk. Det er mulig \u00e5 ha ...<\/p>","protected":false},"author":1,"featured_media":0,"parent":0,"menu_order":0,"comment_status":"closed","ping_status":"closed","template":"","meta":{"footnotes":""},"class_list":["post-50","page","type-page","status-publish","hentry"],"yoast_head":"<!-- This site is optimized with the Yoast SEO plugin v27.0 - https:\/\/yoast.com\/product\/yoast-seo-wordpress\/ -->\n<title>BLOG - Martin Morfjord<\/title>\n<meta name=\"robots\" content=\"index, follow, max-snippet:-1, max-image-preview:large, max-video-preview:-1\" \/>\n<link rel=\"canonical\" href=\"https:\/\/morfjord.com\/nb\/blog\/\" \/>\n<meta property=\"og:locale\" content=\"nb_NO\" \/>\n<meta property=\"og:type\" content=\"article\" \/>\n<meta property=\"og:title\" content=\"BLOG - Martin Morfjord\" \/>\n<meta property=\"og:description\" content=\"Kommunikasjons verkt\u00f8yer til sosiale medier By admin | Feb 16, 2020 hootsuite.com&nbsp;\u00e0 en av de beste \u201dApp\u201d l\u00f8sninger for at samle alle dine eller menighetens sosiale nettverks i en app. Du kan bruke en Chrome og Firefox apps. Der finnes ogs\u00e5 iOS og&nbsp;Android&nbsp;apps. Det er gratis opp til 5 nettverks. Det er mulig \u00e5 ha&hellip;\" \/>\n<meta property=\"og:url\" content=\"https:\/\/morfjord.com\/nb\/blog\/\" \/>\n<meta property=\"og:site_name\" content=\"Martin Morfjord\" \/>\n<meta property=\"article:publisher\" content=\"https:\/\/www.facebook.com\/mmorfjord\" \/>\n<meta property=\"article:modified_time\" content=\"2020-09-13T18:41:02+00:00\" \/>\n<meta name=\"twitter:card\" content=\"summary_large_image\" \/>\n<meta name=\"twitter:label1\" content=\"Ansl. lesetid\" \/>\n\t<meta name=\"twitter:data1\" content=\"1 minutt\" \/>\n<script type=\"application\/ld+json\" class=\"yoast-schema-graph\">{\"@context\":\"https:\/\/schema.org\",\"@graph\":[{\"@type\":\"WebPage\",\"@id\":\"https:\/\/morfjord.com\/blog\/\",\"url\":\"https:\/\/morfjord.com\/blog\/\",\"name\":\"BLOG - Martin Morfjord\",\"isPartOf\":{\"@id\":\"https:\/\/morfjord.com\/#website\"},\"datePublished\":\"2020-09-13T17:08:58+00:00\",\"dateModified\":\"2020-09-13T18:41:02+00:00\",\"breadcrumb\":{\"@id\":\"https:\/\/morfjord.com\/blog\/#breadcrumb\"},\"inLanguage\":\"nb-NO\",\"potentialAction\":[{\"@type\":\"ReadAction\",\"target\":[\"https:\/\/morfjord.com\/blog\/\"]}]},{\"@type\":\"BreadcrumbList\",\"@id\":\"https:\/\/morfjord.com\/blog\/#breadcrumb\",\"itemListElement\":[{\"@type\":\"ListItem\",\"position\":1,\"name\":\"Home\",\"item\":\"https:\/\/morfjord.com\/\"},{\"@type\":\"ListItem\",\"position\":2,\"name\":\"BLOG\"}]},{\"@type\":\"WebSite\",\"@id\":\"https:\/\/morfjord.com\/#website\",\"url\":\"https:\/\/morfjord.com\/\",\"name\":\"Martin Morfjord\",\"description\":\"Digital advisor &amp; entrepreneur\",\"publisher\":{\"@id\":\"https:\/\/morfjord.com\/#organization\"},\"potentialAction\":[{\"@type\":\"SearchAction\",\"target\":{\"@type\":\"EntryPoint\",\"urlTemplate\":\"https:\/\/morfjord.com\/?s={search_term_string}\"},\"query-input\":{\"@type\":\"PropertyValueSpecification\",\"valueRequired\":true,\"valueName\":\"search_term_string\"}}],\"inLanguage\":\"nb-NO\"},{\"@type\":\"Organization\",\"@id\":\"https:\/\/morfjord.com\/#organization\",\"name\":\"morfjord.com\",\"url\":\"https:\/\/morfjord.com\/\",\"logo\":{\"@type\":\"ImageObject\",\"inLanguage\":\"nb-NO\",\"@id\":\"https:\/\/morfjord.com\/#\/schema\/logo\/image\/\",\"url\":\"https:\/\/morfjord.com\/wp-content\/uploads\/2020\/09\/morfjord-logo.png\",\"contentUrl\":\"https:\/\/morfjord.com\/wp-content\/uploads\/2020\/09\/morfjord-logo.png\",\"width\":1459,\"height\":500,\"caption\":\"morfjord.com\"},\"image\":{\"@id\":\"https:\/\/morfjord.com\/#\/schema\/logo\/image\/\"},\"sameAs\":[\"https:\/\/www.facebook.com\/mmorfjord\",\"https:\/\/www.instagram.com\/morfjord\",\"https:\/\/www.linkedin.com\/in\/morfjord\"]}]}<\/script>\n<!-- \/ Yoast SEO plugin. -->","yoast_head_json":{"title":"BLOGG - Martin Morfjord","robots":{"index":"index","follow":"follow","max-snippet":"max-snippet:-1","max-image-preview":"max-image-preview:large","max-video-preview":"max-video-preview:-1"},"canonical":"https:\/\/morfjord.com\/nb\/blog\/","og_locale":"nb_NO","og_type":"article","og_title":"BLOG - Martin Morfjord","og_description":"Kommunikasjons verkt\u00f8yer til sosiale medier By admin | Feb 16, 2020 hootsuite.com&nbsp;\u00e0 en av de beste \u201dApp\u201d l\u00f8sninger for at samle alle dine eller menighetens sosiale nettverks i en app. Du kan bruke en Chrome og Firefox apps. Der finnes ogs\u00e5 iOS og&nbsp;Android&nbsp;apps. Det er gratis opp til 5 nettverks. Det er mulig \u00e5 ha&hellip;","og_url":"https:\/\/morfjord.com\/nb\/blog\/","og_site_name":"Martin Morfjord","article_publisher":"https:\/\/www.facebook.com\/mmorfjord","article_modified_time":"2020-09-13T18:41:02+00:00","twitter_card":"summary_large_image","twitter_misc":{"Ansl. lesetid":"1 minutt"},"schema":{"@context":"https:\/\/schema.org","@graph":[{"@type":"WebPage","@id":"https:\/\/morfjord.com\/blog\/","url":"https:\/\/morfjord.com\/blog\/","name":"BLOGG - Martin Morfjord","isPartOf":{"@id":"https:\/\/morfjord.com\/#website"},"datePublished":"2020-09-13T17:08:58+00:00","dateModified":"2020-09-13T18:41:02+00:00","breadcrumb":{"@id":"https:\/\/morfjord.com\/blog\/#breadcrumb"},"inLanguage":"nb-NO","potentialAction":[{"@type":"ReadAction","target":["https:\/\/morfjord.com\/blog\/"]}]},{"@type":"BreadcrumbList","@id":"https:\/\/morfjord.com\/blog\/#breadcrumb","itemListElement":[{"@type":"ListItem","position":1,"name":"Home","item":"https:\/\/morfjord.com\/"},{"@type":"ListItem","position":2,"name":"BLOG"}]},{"@type":"WebSite","@id":"https:\/\/morfjord.com\/#website","url":"https:\/\/morfjord.com\/","name":"Martin Morfjord","description":"Digital r\u00e5dgiver og gr\u00fcnder","publisher":{"@id":"https:\/\/morfjord.com\/#organization"},"potentialAction":[{"@type":"SearchAction","target":{"@type":"EntryPoint","urlTemplate":"https:\/\/morfjord.com\/?s={search_term_string}"},"query-input":{"@type":"PropertyValueSpecification","valueRequired":true,"valueName":"search_term_string"}}],"inLanguage":"nb-NO"},{"@type":"Organization","@id":"https:\/\/morfjord.com\/#organization","name":"morfjord.com","url":"https:\/\/morfjord.com\/","logo":{"@type":"ImageObject","inLanguage":"nb-NO","@id":"https:\/\/morfjord.com\/#\/schema\/logo\/image\/","url":"https:\/\/morfjord.com\/wp-content\/uploads\/2020\/09\/morfjord-logo.png","contentUrl":"https:\/\/morfjord.com\/wp-content\/uploads\/2020\/09\/morfjord-logo.png","width":1459,"height":500,"caption":"morfjord.com"},"image":{"@id":"https:\/\/morfjord.com\/#\/schema\/logo\/image\/"},"sameAs":["https:\/\/www.facebook.com\/mmorfjord","https:\/\/www.instagram.com\/morfjord","https:\/\/www.linkedin.com\/in\/morfjord"]}]}},"_links":{"self":[{"href":"https:\/\/morfjord.com\/nb\/wp-json\/wp\/v2\/pages\/50","targetHints":{"allow":["GET"]}}],"collection":[{"href":"https:\/\/morfjord.com\/nb\/wp-json\/wp\/v2\/pages"}],"about":[{"href":"https:\/\/morfjord.com\/nb\/wp-json\/wp\/v2\/types\/page"}],"author":[{"embeddable":true,"href":"https:\/\/morfjord.com\/nb\/wp-json\/wp\/v2\/users\/1"}],"replies":[{"embeddable":true,"href":"https:\/\/morfjord.com\/nb\/wp-json\/wp\/v2\/comments?post=50"}],"version-history":[{"count":2,"href":"https:\/\/morfjord.com\/nb\/wp-json\/wp\/v2\/pages\/50\/revisions"}],"predecessor-version":[{"id":14714,"href":"https:\/\/morfjord.com\/nb\/wp-json\/wp\/v2\/pages\/50\/revisions\/14714"}],"wp:attachment":[{"href":"https:\/\/morfjord.com\/nb\/wp-json\/wp\/v2\/media?parent=50"}],"curies":[{"name":"wp","href":"https:\/\/api.w.org\/{rel}","templated":true}]}}