{"id":2,"date":"2020-02-16T20:02:15","date_gmt":"2020-02-16T20:02:15","guid":{"rendered":"https:\/\/morfjord.com\/?page_id=2"},"modified":"2025-10-14T09:06:04","modified_gmt":"2025-10-14T07:06:04","slug":"sample-page","status":"publish","type":"page","link":"https:\/\/morfjord.com\/nb\/","title":{"rendered":"Martin Morfjord - Digital r\u00e5dgiver og gr\u00fcnder"},"content":{"rendered":"<h5>Digital r\u00e5dgiver og gr\u00fcnder<\/h5><h1>Martin Morfjord<\/h1>\t\t\t\n\t\t\t\t<img decoding=\"async\" src=\"https:\/\/morfjord.com\/wp-content\/uploads\/2020\/09\/Martin-Morfjord-web-684x1024.jpg\" alt=\"Martin Morfjord\" itemprop=\"image\" height=\"1024\" width=\"684\" title=\"Martin Morfjord\" onerror=\"this.style.display='none'\" loading=\"lazy\" \/>\n\t\t\t<a href=\"mailto:martin@morfjord.com\" title=\"Klikk her\" target=\"_self\"   role=\"button\" aria-label=\"E-POST\">\n\t\t\t\t\t\t\tE-POST\n\t\t<\/a>\n\t<ul>\n\t\t\t<li>\n\t\t\t<h4>\n\t\t\t<a href=\"tel:+4747279562\" target=\"\"  data-hover=\"OR CALL +47 47279562\" aria-label=\"ELLER RING +47 47279562\">ELLER RING +47 47279562<\/a>\n\t\t\t<\/h4>\n\t\t<\/li>\n\t\t\t\t<\/ul>\n\t\t\t<h2>#PROJEKTER<\/h2><h3>MEDEIER ELLER KREDITERING<\/h3>\t\t\t\n\t\t\t\t<p>De siste 16 \u00e5rene har fokusert p\u00e5 \u00e5 bli gr\u00fcnder, <a href=\"https:\/\/morfjord.com\/nb\/experience\/\">les mer om veien min her<\/a>.<\/p>\n\t\t\t<a href=\"https:\/\/morfjord.com\/nb\/experience\/\" target=\"_self\">\n\t\t\t\t\t\t\tLes mer\n\t\t\t\t\t<\/a>\n\t\t\t\t<img decoding=\"async\" src=\"https:\/\/morfjord.com\/wp-content\/uploads\/2022\/06\/norsk-interaktiv-logo-firkant.jpg\" alt=\"norsk-interaktiv-logo-firkant\" title=\"norsk-interaktiv-logo-firkant\" itemprop=\"image\"\/>\n\t\t\t\t<img decoding=\"async\" src=\"https:\/\/morfjord.com\/wp-content\/uploads\/2020\/09\/shopin.png\" alt=\"shopin\" title=\"shopin\" itemprop=\"image\"\/>\n\t\t\t\t<img decoding=\"async\" src=\"https:\/\/morfjord.com\/wp-content\/uploads\/2022\/06\/Autem-Consulting-AS-logo@4x.png\" alt=\"Autem Consulting AS logo@4x\" title=\"Autem Consulting AS logo@4x\" itemprop=\"image\"\/>\n\t\t\t\t<img decoding=\"async\" src=\"https:\/\/morfjord.com\/wp-content\/uploads\/2022\/06\/SimplyLearn-logo-vertical-purple-.com_.jpg\" alt=\"SimplyLearn-logo-vertical-(lilla)-.com\" title=\"SimplyLearn-logo-vertical-(lilla)-.com\" itemprop=\"image\"\/>\n\t\t\t\t<img decoding=\"async\" src=\"https:\/\/morfjord.com\/wp-content\/uploads\/2020\/09\/expo-eu.png\" alt=\"expo eu\" title=\"expo eu\" itemprop=\"image\"\/>\n\t\t\t\t<img decoding=\"async\" src=\"https:\/\/morfjord.com\/wp-content\/uploads\/2022\/06\/Co-works-farsund.jpg\" alt=\"Co-works farsund\" title=\"Co-works farsund\" itemprop=\"image\"\/>\n\t\t\t\t<img decoding=\"async\" src=\"https:\/\/morfjord.com\/wp-content\/uploads\/2020\/09\/xpand.png\" alt=\"xpand\" title=\"xpand\" itemprop=\"image\"\/>\n\t\t\t\t<img decoding=\"async\" src=\"https:\/\/morfjord.com\/wp-content\/uploads\/2022\/06\/trippple_design-logo1.png\" alt=\"trippple_design-logo1\" title=\"trippple_design-logo1\" itemprop=\"image\"\/>\n\t\t\t\t<img decoding=\"async\" src=\"https:\/\/morfjord.com\/wp-content\/uploads\/2020\/09\/simplyweb.jpg\" alt=\"bare nett\" title=\"bare nett\" itemprop=\"image\"\/>\n\t\t<h2>Hvis du vil g\u00e5 raskt, g\u00e5 alene. <br \/>Hvis du vil g\u00e5 langt, g\u00e5 sammen<\/h2>\n\t\t\t\t<p>Jeg har blitt velsignet med \u00e5 m\u00f8te de rette menneskene til rett tid. Og er takknemlige for det vi har ukomplisert s\u00e5 langt. <\/p>\n\t\t\t<a href=\"mailto:martin@morfjord.com\" title=\"Klikk her\" target=\"_self\"   role=\"button\" aria-label=\"E-POST\">\n\t\t\t\t\t\t\tE-POST\n\t\t<\/a>\n\t\t\t<h2>#Skills og Team<\/h2>\t\t\t\n\t\t\t\t<p>Jeg tror at det ikke er dine ferdigheter alene som skaper suksess, men det er din evne til \u00e5 bruke dine ferdigheter sammen med andre som skaper potensiale for suksess.\u00a0<\/p>\n<p>For meg handler det om din sosiale kapital, det jeg ofte kaller SQ. Et godt team dannes ved \u00e5 frigj\u00f8re teammedlemmenes (lenke til testen) ferdigheter, slik at de jobber fritt og skaper.\u00a0<\/p>\n\t\t\t<h2># Samarbeid<\/h2>\t\t\t\n\t\t\t\t<p>I en skandinavisk sammenheng vil du tiltrekke deg de beste menneskene hvis du lager et system og forretningsformer der tallet for frihet og samarbeid gir kollektiv vekst. Sv\u00e6rt ofte er det f\u00e5 eiere eller ledelse som drar nytte av den direkte gleden av veksten, hva om vekstkatalysatoren var direkte med de ansatte, og hvordan de samarbeider? Trippple AS er et eksempel p\u00e5 et slikt selskap. Les mer om modulen her. xpand Ltd som en internasjonal forening har samme dynamikk.<\/p>\n\t\t<h4>ideer<\/h4>\t\t\t\n\t\t\t\t<p>Jeg har utviklet mange konsepter og som har blitt produkter for bedrifter eller reelle grunnprosjekter.<\/p>\n\t\t<h4>DESIGN<\/h4>\t\t\t\n\t\t\t\t<p>Jeg tror godt design bruker siste tilgjengelighet, farge og komponenter og bruker I\/O for \u00e5 tilpasse seg den enkelte bruker.<\/p>\n\t\t<h4>VIRKSOMHETSLOGIK<\/h4>\t\t\t\n\t\t\t\t<p>Gode ideer og design er ingenting uten utpreget og systematisk forretningslogikk. Derfor ser jeg p\u00e5 dette som en viktig del av planleggingsfasen.<\/p>","protected":false},"excerpt":{"rendered":"<p>Digital r\u00e5dgiver &amp; gr\u00fcnder Martin Morfjord EMAIL ELLER RING +47 47279562 #PROJEKTER MEDEIER ELLER KREDITERING De siste 16 \u00e5rene har jeg fokusert p\u00e5 \u00e5 starte som gr\u00fcnder, les mer om min vei her. Les mer Hvis du vil g\u00e5 raskt, g\u00e5 alene. Hvis du vil g\u00e5 langt, g\u00e5 sammen Jeg har blitt velsignet av \u00e5 m\u00f8te...<\/p>","protected":false},"author":1,"featured_media":0,"parent":0,"menu_order":0,"comment_status":"closed","ping_status":"closed","template":"","meta":{"footnotes":""},"class_list":["post-2","page","type-page","status-publish","hentry"],"yoast_head":"<!-- This site is optimized with the Yoast SEO plugin v27.0 - https:\/\/yoast.com\/product\/yoast-seo-wordpress\/ -->\n<title>Martin Morfjord - Digital advisor &amp; entrepreneur - Martin Morfjord<\/title>\n<meta name=\"robots\" content=\"index, follow, max-snippet:-1, max-image-preview:large, max-video-preview:-1\" \/>\n<link rel=\"canonical\" href=\"https:\/\/morfjord.com\/nb\/\" \/>\n<meta property=\"og:locale\" content=\"nb_NO\" \/>\n<meta property=\"og:type\" content=\"article\" \/>\n<meta property=\"og:title\" content=\"Martin Morfjord - Digital advisor &amp; entrepreneur - Martin Morfjord\" \/>\n<meta property=\"og:description\" content=\"Digital advisor &#038; entrepreneur Martin Morfjord EMAIL OR CALL +47 47279562 #PROJECTS CO-OWNER OR CREDITING The last 16 years has focused on beginning an entrepreneur, read more about my pathway here. Read more If you want to go quickly, go alone. If you want to go far, go together I have been blessed by meeting&hellip;\" \/>\n<meta property=\"og:url\" content=\"https:\/\/morfjord.com\/nb\/\" \/>\n<meta property=\"og:site_name\" content=\"Martin Morfjord\" \/>\n<meta property=\"article:publisher\" content=\"https:\/\/www.facebook.com\/mmorfjord\" \/>\n<meta property=\"article:modified_time\" content=\"2025-10-14T07:06:04+00:00\" \/>\n<meta property=\"og:image\" content=\"https:\/\/morfjord.com\/wp-content\/uploads\/2020\/09\/Martin-Morfjord-web-684x1024.jpg\" \/>\n<meta name=\"twitter:card\" content=\"summary_large_image\" \/>\n<meta name=\"twitter:label1\" content=\"Ansl. lesetid\" \/>\n\t<meta name=\"twitter:data1\" content=\"1 minutt\" \/>\n<script type=\"application\/ld+json\" class=\"yoast-schema-graph\">{\"@context\":\"https:\/\/schema.org\",\"@graph\":[{\"@type\":\"WebPage\",\"@id\":\"https:\/\/morfjord.com\/\",\"url\":\"https:\/\/morfjord.com\/\",\"name\":\"Martin Morfjord - Digital advisor & entrepreneur - Martin Morfjord\",\"isPartOf\":{\"@id\":\"https:\/\/morfjord.com\/#website\"},\"primaryImageOfPage\":{\"@id\":\"https:\/\/morfjord.com\/#primaryimage\"},\"image\":{\"@id\":\"https:\/\/morfjord.com\/#primaryimage\"},\"thumbnailUrl\":\"https:\/\/morfjord.com\/wp-content\/uploads\/2020\/09\/Martin-Morfjord-web-684x1024.jpg\",\"datePublished\":\"2020-02-16T20:02:15+00:00\",\"dateModified\":\"2025-10-14T07:06:04+00:00\",\"breadcrumb\":{\"@id\":\"https:\/\/morfjord.com\/#breadcrumb\"},\"inLanguage\":\"nb-NO\",\"potentialAction\":[{\"@type\":\"ReadAction\",\"target\":[\"https:\/\/morfjord.com\/\"]}]},{\"@type\":\"ImageObject\",\"inLanguage\":\"nb-NO\",\"@id\":\"https:\/\/morfjord.com\/#primaryimage\",\"url\":\"https:\/\/morfjord.com\/wp-content\/uploads\/2020\/09\/Martin-Morfjord-web-684x1024.jpg\",\"contentUrl\":\"https:\/\/morfjord.com\/wp-content\/uploads\/2020\/09\/Martin-Morfjord-web-684x1024.jpg\"},{\"@type\":\"BreadcrumbList\",\"@id\":\"https:\/\/morfjord.com\/#breadcrumb\",\"itemListElement\":[{\"@type\":\"ListItem\",\"position\":1,\"name\":\"Home\",\"item\":\"https:\/\/morfjord.com\/\"},{\"@type\":\"ListItem\",\"position\":2,\"name\":\"Martin Morfjord &#8211; Digital advisor &#038; entrepreneur\"}]},{\"@type\":\"WebSite\",\"@id\":\"https:\/\/morfjord.com\/#website\",\"url\":\"https:\/\/morfjord.com\/\",\"name\":\"Martin Morfjord\",\"description\":\"Digital advisor &amp; entrepreneur\",\"publisher\":{\"@id\":\"https:\/\/morfjord.com\/#organization\"},\"potentialAction\":[{\"@type\":\"SearchAction\",\"target\":{\"@type\":\"EntryPoint\",\"urlTemplate\":\"https:\/\/morfjord.com\/?s={search_term_string}\"},\"query-input\":{\"@type\":\"PropertyValueSpecification\",\"valueRequired\":true,\"valueName\":\"search_term_string\"}}],\"inLanguage\":\"nb-NO\"},{\"@type\":\"Organization\",\"@id\":\"https:\/\/morfjord.com\/#organization\",\"name\":\"morfjord.com\",\"url\":\"https:\/\/morfjord.com\/\",\"logo\":{\"@type\":\"ImageObject\",\"inLanguage\":\"nb-NO\",\"@id\":\"https:\/\/morfjord.com\/#\/schema\/logo\/image\/\",\"url\":\"https:\/\/morfjord.com\/wp-content\/uploads\/2020\/09\/morfjord-logo.png\",\"contentUrl\":\"https:\/\/morfjord.com\/wp-content\/uploads\/2020\/09\/morfjord-logo.png\",\"width\":1459,\"height\":500,\"caption\":\"morfjord.com\"},\"image\":{\"@id\":\"https:\/\/morfjord.com\/#\/schema\/logo\/image\/\"},\"sameAs\":[\"https:\/\/www.facebook.com\/mmorfjord\",\"https:\/\/www.instagram.com\/morfjord\",\"https:\/\/www.linkedin.com\/in\/morfjord\"]}]}<\/script>\n<!-- \/ Yoast SEO plugin. -->","yoast_head_json":{"title":"Martin Morfjord - Digital r\u00e5dgiver og gr\u00fcnder - Martin Morfjord","robots":{"index":"index","follow":"follow","max-snippet":"max-snippet:-1","max-image-preview":"max-image-preview:large","max-video-preview":"max-video-preview:-1"},"canonical":"https:\/\/morfjord.com\/nb\/","og_locale":"nb_NO","og_type":"article","og_title":"Martin Morfjord - Digital advisor & entrepreneur - Martin Morfjord","og_description":"Digital advisor &#038; entrepreneur Martin Morfjord EMAIL OR CALL +47 47279562 #PROJECTS CO-OWNER OR CREDITING The last 16 years has focused on beginning an entrepreneur, read more about my pathway here. Read more If you want to go quickly, go alone. If you want to go far, go together I have been blessed by meeting&hellip;","og_url":"https:\/\/morfjord.com\/nb\/","og_site_name":"Martin Morfjord","article_publisher":"https:\/\/www.facebook.com\/mmorfjord","article_modified_time":"2025-10-14T07:06:04+00:00","og_image":[{"url":"https:\/\/morfjord.com\/wp-content\/uploads\/2020\/09\/Martin-Morfjord-web-684x1024.jpg","type":"","width":"","height":""}],"twitter_card":"summary_large_image","twitter_misc":{"Ansl. lesetid":"1 minutt"},"schema":{"@context":"https:\/\/schema.org","@graph":[{"@type":"WebPage","@id":"https:\/\/morfjord.com\/","url":"https:\/\/morfjord.com\/","name":"Martin Morfjord - Digital r\u00e5dgiver og gr\u00fcnder - Martin Morfjord","isPartOf":{"@id":"https:\/\/morfjord.com\/#website"},"primaryImageOfPage":{"@id":"https:\/\/morfjord.com\/#primaryimage"},"image":{"@id":"https:\/\/morfjord.com\/#primaryimage"},"thumbnailUrl":"https:\/\/morfjord.com\/wp-content\/uploads\/2020\/09\/Martin-Morfjord-web-684x1024.jpg","datePublished":"2020-02-16T20:02:15+00:00","dateModified":"2025-10-14T07:06:04+00:00","breadcrumb":{"@id":"https:\/\/morfjord.com\/#breadcrumb"},"inLanguage":"nb-NO","potentialAction":[{"@type":"ReadAction","target":["https:\/\/morfjord.com\/"]}]},{"@type":"ImageObject","inLanguage":"nb-NO","@id":"https:\/\/morfjord.com\/#primaryimage","url":"https:\/\/morfjord.com\/wp-content\/uploads\/2020\/09\/Martin-Morfjord-web-684x1024.jpg","contentUrl":"https:\/\/morfjord.com\/wp-content\/uploads\/2020\/09\/Martin-Morfjord-web-684x1024.jpg"},{"@type":"BreadcrumbList","@id":"https:\/\/morfjord.com\/#breadcrumb","itemListElement":[{"@type":"ListItem","position":1,"name":"Home","item":"https:\/\/morfjord.com\/"},{"@type":"ListItem","position":2,"name":"Martin Morfjord &#8211; Digital advisor &#038; entrepreneur"}]},{"@type":"WebSite","@id":"https:\/\/morfjord.com\/#website","url":"https:\/\/morfjord.com\/","name":"Martin Morfjord","description":"Digital r\u00e5dgiver og gr\u00fcnder","publisher":{"@id":"https:\/\/morfjord.com\/#organization"},"potentialAction":[{"@type":"SearchAction","target":{"@type":"EntryPoint","urlTemplate":"https:\/\/morfjord.com\/?s={search_term_string}"},"query-input":{"@type":"PropertyValueSpecification","valueRequired":true,"valueName":"search_term_string"}}],"inLanguage":"nb-NO"},{"@type":"Organization","@id":"https:\/\/morfjord.com\/#organization","name":"morfjord.com","url":"https:\/\/morfjord.com\/","logo":{"@type":"ImageObject","inLanguage":"nb-NO","@id":"https:\/\/morfjord.com\/#\/schema\/logo\/image\/","url":"https:\/\/morfjord.com\/wp-content\/uploads\/2020\/09\/morfjord-logo.png","contentUrl":"https:\/\/morfjord.com\/wp-content\/uploads\/2020\/09\/morfjord-logo.png","width":1459,"height":500,"caption":"morfjord.com"},"image":{"@id":"https:\/\/morfjord.com\/#\/schema\/logo\/image\/"},"sameAs":["https:\/\/www.facebook.com\/mmorfjord","https:\/\/www.instagram.com\/morfjord","https:\/\/www.linkedin.com\/in\/morfjord"]}]}},"_links":{"self":[{"href":"https:\/\/morfjord.com\/nb\/wp-json\/wp\/v2\/pages\/2","targetHints":{"allow":["GET"]}}],"collection":[{"href":"https:\/\/morfjord.com\/nb\/wp-json\/wp\/v2\/pages"}],"about":[{"href":"https:\/\/morfjord.com\/nb\/wp-json\/wp\/v2\/types\/page"}],"author":[{"embeddable":true,"href":"https:\/\/morfjord.com\/nb\/wp-json\/wp\/v2\/users\/1"}],"replies":[{"embeddable":true,"href":"https:\/\/morfjord.com\/nb\/wp-json\/wp\/v2\/comments?post=2"}],"version-history":[{"count":15,"href":"https:\/\/morfjord.com\/nb\/wp-json\/wp\/v2\/pages\/2\/revisions"}],"predecessor-version":[{"id":14879,"href":"https:\/\/morfjord.com\/nb\/wp-json\/wp\/v2\/pages\/2\/revisions\/14879"}],"wp:attachment":[{"href":"https:\/\/morfjord.com\/nb\/wp-json\/wp\/v2\/media?parent=2"}],"curies":[{"name":"wp","href":"https:\/\/api.w.org\/{rel}","templated":true}]}}